{"id":911,"date":"2021-10-19T18:08:06","date_gmt":"2021-10-19T18:08:06","guid":{"rendered":"https:\/\/www.conspecto.at\/?page_id=911"},"modified":"2025-01-31T09:05:32","modified_gmt":"2025-01-31T08:05:32","slug":"imprint","status":"publish","type":"page","link":"https:\/\/www.conspecto.at\/en\/impressum\/","title":{"rendered":"Imprint"},"content":{"rendered":"<div data-elementor-type=\"wp-page\" data-elementor-id=\"911\" class=\"elementor elementor-911\" data-elementor-post-type=\"page\">\n\t\t\t\t<div class=\"elementor-element elementor-element-d644408 e-flex e-con-boxed e-con e-parent\" data-id=\"d644408\" data-element_type=\"container\" data-e-type=\"container\">\n\t\t\t\t\t<div class=\"e-con-inner\">\n\t\t<div class=\"elementor-element elementor-element-8c664d1 e-con-full e-flex e-con e-child\" data-id=\"8c664d1\" data-element_type=\"container\" data-e-type=\"container\">\n\t\t\t\t<div class=\"elementor-element elementor-element-120fd49 elementor-widget__width-auto elementor-widget elementor-widget-heading\" data-id=\"120fd49\" data-element_type=\"widget\" data-e-type=\"widget\" data-widget_type=\"heading.default\">\n\t\t\t\t<div class=\"elementor-widget-container\">\n\t\t\t\t\t<h2 class=\"elementor-heading-title elementor-size-default\">Imprint<\/h2>\t\t\t\t<\/div>\n\t\t\t\t<\/div>\n\t\t<div class=\"elementor-element elementor-element-dd7c288 e-con-full e-flex e-con e-child\" data-id=\"dd7c288\" data-element_type=\"container\" data-e-type=\"container\">\n\t\t<div class=\"elementor-element elementor-element-909db2b e-con-full e-flex e-con e-child\" data-id=\"909db2b\" data-element_type=\"container\" data-e-type=\"container\">\n\t\t\t\t<div class=\"elementor-element elementor-element-3c7826e elementor-widget__width-initial elementor-widget elementor-widget-text-editor\" data-id=\"3c7826e\" data-element_type=\"widget\" data-e-type=\"widget\" data-widget_type=\"text-editor.default\">\n\t\t\t\t<div class=\"elementor-widget-container\">\n\t\t\t\t\t\t\t\t\t<p>conspecto GmbH | Planning and construction management<\/p><p>Managing Director: BM DI Bernd Rumpf<\/p><p>Location of the business license: <br \/>Kratkystra\u00dfe 10a\/38, 8020 Graz, Austria<br \/>Object of the company: planning master builder<\/p><p>Contact details:<br \/>Mobile: +43 664 41 58 825<br \/>Mail: office@conspecto.at<br \/>Web: conspecto.at<br \/>ATU 81195234<br \/>FN 637023z<br \/>Commercial register court:<br \/>Regional Court for ZRS Graz<\/p><p>Design &amp; implementation:<b><br \/><\/b>RKP Marketing GmbH<br \/>Schildbach 111<br \/>A-8230 Hartberg<br \/><a href=\"http:\/\/www.rkp.at\/rkp-marketing\" target=\"_blank\" rel=\"noopener\">www.rkp.at\/rkp-marketing<\/a><\/p><p>Image sources and copyright notices:<br \/>RKP Marketing GmbH<br \/>Schildbach 111<br \/>A-8230 Hartberg<br \/><a href=\"http:\/\/www.rkp.at\/rkp-marketing\" target=\"_blank\" rel=\"noopener\">www.rkp.at\/rkp-marketing<\/a><\/p>\t\t\t\t\t\t\t\t<\/div>\n\t\t\t\t<\/div>\n\t\t\t\t<\/div>\n\t\t<div class=\"elementor-element elementor-element-64d0bd9 e-con-full e-flex e-con e-child\" data-id=\"64d0bd9\" data-element_type=\"container\" data-e-type=\"container\">\n\t\t\t\t<div class=\"elementor-element elementor-element-07d9cab elementor-widget__width-initial elementor-widget elementor-widget-text-editor\" data-id=\"07d9cab\" data-element_type=\"widget\" data-e-type=\"widget\" data-widget_type=\"text-editor.default\">\n\t\t\t\t<div class=\"elementor-widget-container\">\n\t\t\t\t\t\t\t\t\t<p>Memberships with the Chamber of Commerce organization<br>Member of the WKO and WKO Styria<br>Member of the Federal Construction Guild and the Styrian Construction Guild<\/p>\n<p>Applicable legislation and access to professional law: <br>Trade regulations: www.ris.bka.gv.at<\/p>\n<p>Trade authority Graz district authority<br>Professional title: Master builder, limited to the planning and calculation of buildings, civil engineering works and other related constructions<\/p>\n<p>Awarding country: Austria<\/p>\n<p>Liability and intellectual property rights:<\/p>\n<p>Disclaimer: The contents of this online offer have been compiled carefully and according to our current state of knowledge, but are for information purposes only and have no legally binding effect, unless they are legally binding information (e.g. the imprint, the data protection declaration, general terms and conditions or mandatory instructions for consumers). We reserve the right to change or delete the content in full or in part, provided that contractual obligations remain unaffected. All offers are subject to change and non-binding.<\/p>\n<p>Copyrights and trademark rights: All content presented on this website, such as texts, photographs, graphics, brands and trademarks are protected by the respective intellectual property rights (copyrights, trademark rights). The use, reproduction etc. are subject to our rights or the rights of the respective authors or rights administrators.<\/p>\n<p>The author endeavors to observe the copyrights of the graphics, sound documents, video sequences and texts used in all publications, to use graphics, sound documents, video sequences and texts created by himself or to use license-free graphics, sound documents, video sequences and texts. All brands and trademarks mentioned on the website and possibly protected by third parties are subject without restriction to the provisions of the applicable trademark law and the ownership rights of the respective registered owners. The mere mention of a trademark does not imply that it is not protected by third-party rights!<\/p>\n<p>The copyright for published objects created by the author himself remains solely with the author of the pages. Any duplication or use of objects such as diagrams, sounds or texts in other electronic or printed publications is not permitted without the author's agreement.<\/p>\n<p><\/p>\t\t\t\t\t\t\t\t<\/div>\n\t\t\t\t<\/div>\n\t\t\t\t<\/div>\n\t\t\t\t<\/div>\n\t\t\t\t<\/div>\n\t\t\t\t\t<\/div>\n\t\t\t\t<\/div>\n\t\t\t\t<\/div>","protected":false},"excerpt":{"rendered":"<p>conspecto GmbH | Planung und Baumanagement Gesch\u00e4ftsf\u00fchrer: BM DI Bernd Rumpf Standort der Gewerbeberechtigung: Kratkystra\u00dfe 10a\/38, 8020 Graz, \u00d6sterreichUnternehmensgegenstand: planender Baumeister Kontaktdaten:Mobil: +43 664 41 58 825Mail: office@conspecto.atWeb: conspecto.atATU 81195234FN 637023zFirmenbuchgericht:Landesgericht f\u00fcr\u00a0 ZRS Graz Design &amp; Umsetzung:RKP Marketing GmbHSchildbach 111A-8230 Hartbergwww.rkp.at\/rkp-marketing Bildquellen und Urheberrechtshinweise:RKP Marketing GmbHSchildbach 111A-8230 Hartbergwww.rkp.at\/rkp-marketing Mitgliedschaften bei der WirtschaftskammerorganisationMitglied der WKO und [&hellip;]<\/p>\n","protected":false},"author":2,"featured_media":0,"parent":0,"menu_order":0,"comment_status":"closed","ping_status":"closed","template":"","meta":{"_acf_changed":false,"footnotes":""},"class_list":["post-911","page","type-page","status-publish","hentry"],"acf":[],"_links":{"self":[{"href":"https:\/\/www.conspecto.at\/en\/wp-json\/wp\/v2\/pages\/911","targetHints":{"allow":["GET"]}}],"collection":[{"href":"https:\/\/www.conspecto.at\/en\/wp-json\/wp\/v2\/pages"}],"about":[{"href":"https:\/\/www.conspecto.at\/en\/wp-json\/wp\/v2\/types\/page"}],"author":[{"embeddable":true,"href":"https:\/\/www.conspecto.at\/en\/wp-json\/wp\/v2\/users\/2"}],"replies":[{"embeddable":true,"href":"https:\/\/www.conspecto.at\/en\/wp-json\/wp\/v2\/comments?post=911"}],"version-history":[{"count":56,"href":"https:\/\/www.conspecto.at\/en\/wp-json\/wp\/v2\/pages\/911\/revisions"}],"predecessor-version":[{"id":4487,"href":"https:\/\/www.conspecto.at\/en\/wp-json\/wp\/v2\/pages\/911\/revisions\/4487"}],"wp:attachment":[{"href":"https:\/\/www.conspecto.at\/en\/wp-json\/wp\/v2\/media?parent=911"}],"curies":[{"name":"wp","href":"https:\/\/api.w.org\/{rel}","templated":true}]}}